{"id":11918,"date":"2024-04-07T13:51:28","date_gmt":"2024-04-07T13:51:28","guid":{"rendered":"https:\/\/verdebrillante.it\/?page_id=11918"},"modified":"2024-06-16T17:05:37","modified_gmt":"2024-06-16T17:05:37","slug":"realizzazione-e-manutenzione-verde-pubblico-e-privato","status":"publish","type":"page","link":"https:\/\/verdebrillante.it\/index.php\/realizzazione-e-manutenzione-verde-pubblico-e-privato\/","title":{"rendered":"Realizzazione e Manutenzione Verde Pubblico e Privato"},"content":{"rendered":"\t\t<div data-elementor-type=\"wp-page\" data-elementor-id=\"11918\" class=\"elementor elementor-11918\">\n\t\t\t\t<div class=\"elementor-element elementor-element-2406af9 e-flex e-con-boxed e-con e-parent\" data-id=\"2406af9\" data-element_type=\"container\">\n\t\t\t\t\t<div class=\"e-con-inner\">\n\t\t\t\t<div class=\"elementor-element elementor-element-25c455b elementor-widget elementor-widget-heading\" data-id=\"25c455b\" data-element_type=\"widget\" data-widget_type=\"heading.default\">\n\t\t\t\t<div class=\"elementor-widget-container\">\n\t\t\t\t\t<h1 class=\"elementor-heading-title elementor-size-default\">Realizzazione e Manutenzione Verde Pubblico e Privato<\/h1>\t\t\t\t<\/div>\n\t\t\t\t<\/div>\n\t\t\t\t\t<\/div>\n\t\t\t\t<\/div>\n\t\t\t\t<section class=\"elementor-section elementor-top-section elementor-element elementor-element-fb4c5a8 elementor-section-boxed elementor-section-height-default elementor-section-height-default\" data-id=\"fb4c5a8\" data-element_type=\"section\">\n\t\t\t\t\t\t<div class=\"elementor-container elementor-column-gap-default\">\n\t\t\t\t\t<div class=\"elementor-column elementor-col-50 elementor-top-column elementor-element elementor-element-cfdc0e7\" data-id=\"cfdc0e7\" data-element_type=\"column\">\n\t\t\t<div class=\"elementor-widget-wrap elementor-element-populated\">\n\t\t\t\t\t\t<section class=\"elementor-section elementor-inner-section elementor-element elementor-element-0005cc3 elementor-section-boxed elementor-section-height-default elementor-section-height-default\" data-id=\"0005cc3\" data-element_type=\"section\">\n\t\t\t\t\t\t<div class=\"elementor-container elementor-column-gap-default\">\n\t\t\t\t\t<div class=\"elementor-column elementor-col-100 elementor-inner-column elementor-element elementor-element-d01b7f7\" data-id=\"d01b7f7\" data-element_type=\"column\">\n\t\t\t<div class=\"elementor-widget-wrap elementor-element-populated\">\n\t\t\t\t\t\t<div class=\"elementor-element elementor-element-bd645fe elementor-widget elementor-widget-witr_section_t_widget\" data-id=\"bd645fe\" data-element_type=\"widget\" data-widget_type=\"witr_section_t_widget.default\">\n\t\t\t\t<div class=\"elementor-widget-container\">\n\t\t\t\t\t\t\t\t\t\t<!-- text widget center -->\n\t\t\t\t\t<div class=\"witr_text_widget\">\n\t\t\t\t\t\t<div class=\"witr_text_widget_inner\">\n\t\t\t\t\t\t\t<!-- text widget top -->\n\t\t\t\t\t\t\t\t\t\t\t\t\t\n\t\t\t\t\t\t\t<!-- text widget middle -->\n\t\t\t\t\t\t\t\t\t\t\t\t\t\t<!-- text widget bottom -->\n\t\t\t\t\t\t\t\t\t\t\t\t\t\n\t\t\t\t\t\t\t<!-- content -->\n\t\t\t\t\t\t\t\t\t\t\t\t\t\t\t<p><div class=\"elementor-element elementor-element-88b1300 elementor-widget elementor-widget-heading\" data-id=\"88b1300\" data-element_type=\"widget\" data-widget_type=\"heading.default\"><div class=\"elementor-widget-container\"><p><strong><span style=\"color: #000000;\">Grazie alla formazione continua nel settore siamo in grado di realizzare :<\/span><\/strong><\/p><ul><li><p><span style=\"color: #000000;\"><b>giardini in stile classico<\/b><\/span><span style=\"color: #000000;\">, in cui predomina l'<\/span><span style=\"color: #000000;\"><b>uniformit\u00e0 delle linee diritte e il non colore<\/b><\/span><span style=\"color: #000000;\">. L'uomo domina la natura, l'acqua \u00e8 costretta dentro <\/span><span style=\"color: #000000;\"><b>fontane e canali<\/b><\/span><span style=\"color: #000000;\"> rettilinei, con <\/span><span style=\"color: #000000;\"><b>giochi prospettici di alberi piantati in modo simmetrico,<\/b><\/span><span style=\"color: #000000;\"> che possono essere piacevolmente riproposti in chiave moderna in edifici di impostazione formale e classica.<\/span><\/p><\/li><li><p><span style=\"color: #000000;\"><b>giardini moderni, <\/b><\/span><span style=\"color: #000000;\">con linee essenziali e minimal che si incontrano con materiali di forte impatto come acciaio, legno e ruvidi muri.<\/span><\/p><\/li><li><p><span style=\"color: #000000;\"><b>giardini giapponesi, giardini zen<\/b><\/span><span style=\"color: #000000;\"> che si rifanno alla cultura orientale, in cui pietra, piante, acqua sono i tre elementi fondamentali. L'equilibrio tra questi elementi \u00e8 assai delicato e ha diversi scopi. Oltre alla funzione estetica un giardino giapponese deve trasmetter un senso di pace e di armonia.<\/span><\/p><\/li><li><p><span style=\"color: #000000;\"><b>giardini secchi<\/b><\/span><span style=\"color: #000000;\"> che si basano sul ridotto contenuto di acqua e l'utilizzo di erbacee perenni, ognuno di essi quindi con delle caratteristiche specifiche in base al luogo di realizzazione.<\/span><\/p><\/li><li><p><span style=\"color: #000000;\"><b>giardini rurali<\/b><\/span><span style=\"color: #000000;\">,<\/span> <span style=\"color: #000000;\">che traggono origine dal <\/span><span style=\"color: #000000;\"><b>giardino informale inglese<\/b><\/span><span style=\"color: #000000;\">, caratterizzato da una <\/span><span style=\"color: #000000;\"><b>disposizione di sapore rurale<\/b><\/span><span style=\"color: #000000;\">, felice connubio tra forme morbide e ampie zone a prato, infonde un'<\/span><span style=\"color: #000000;\"><b>armonia tra gli arbusti e il manto erboso<\/b><\/span><span style=\"color: #000000;\"> per conferire sensazioni di spazi sconfinati e libert\u00e0 di pensiero.<\/span><\/p><\/li><li><p><span style=\"color: #000000;\"><b>giardini aziendali<\/b><\/span><span style=\"color: #000000;\">, che piccoli o grandi diventano un elemento di forte impatto psicologico e comunicativo se ben curato e pensato. \u00c8 il <\/span><span style=\"color: #000000;\"><b>biglietto da visita<\/b><\/span><span style=\"color: #000000;\">, che deve infondere una buona impressione, immediata e rassicurante.<\/span><\/p><\/li><li><p><span style=\"color: #000000;\"><b>giardini mediterranei<\/b><\/span><span style=\"color: #000000;\">, in cui predominano sensazioni legate ai <\/span><span style=\"color: #000000;\"><b>profumi<\/b><\/span><span style=\"color: #000000;\">, come quelli di rosmarino, mirto, ginestra, pistacchi, corbezzolo: queste ed altre <\/span><span style=\"color: #000000;\"><b>essenze<\/b><\/span><span style=\"color: #000000;\">, unite ai <\/span><span style=\"color: #000000;\"><b>giochi d'acqua<\/b><\/span><span style=\"color: #000000;\">, sono gli elementi fondamentali di questo stile.<\/span><\/p><\/li><li><p><span style=\"color: #000000;\"><b>giardini<\/b><\/span> <span style=\"color: #000000;\"><b>terapeutici ed orticoltura<\/b><\/span><span style=\"color: #000000;\"><i>, <\/i><\/span><span style=\"color: #000000;\">per case di cura , ospedali, centri per disabilit\u00e0, in cui grazie all'attivit\u00e0 di giardinaggio ed orto-terapia si possono raggiungere specifici obiettivi riabilitativi <\/span><span style=\"color: #000000;\">stimolando le abilit\u00e0 sociali, cognitive, fisiche, psicologiche e pi\u00f9 in generale promuovendo un alto livello di benessere ed una buona qualit\u00e0 di vita. <\/span><\/p><\/li><li><p><span style=\"color: #000000;\"><b>parchi e giardini pubblici<\/b><\/span><span style=\"color: #000000;\">, dove \u00e8 importante creare spazi altamente fruibili garantendo maggiore qualit\u00e0 della vita in aree molto urbanizzate. Piazze arredate, viali alberati, aiuole spartitraffico, rotonde aiutano a diffondere una grande quantit\u00e0 di colori e profumi. <\/span><\/p><\/li><\/ul><\/div><\/div><\/p>\t\t\n\t\t\t\t\t\t\t\t\t\t\t\t\t\t\n\t\t\t\t\t\t\t<!--- List content --->\n\t\t\t\t\t\t\t<div class=\"witr_widget_list\">\n\t\t\t\t\t\t\t\t<ul>\t\t\t\t\t\t\t\n\t\t\t\t\t\t\t\t\t\t\t\t\t\t\t\t\t<\/ul>\n\t\t\t\t\t\t\t\t\t\n\t\t\t\t\t\t\t<\/div>\t\t\t\t\t\t\t\n\t\t\t\t\t\t<\/div>\n\t\t\t\t\t<\/div>\n\n\t\t\t\t\t\t\t\t<\/div>\n\t\t\t\t<\/div>\n\t\t\t\t\t<\/div>\n\t\t<\/div>\n\t\t\t\t\t<\/div>\n\t\t<\/section>\n\t\t\t\t<section class=\"elementor-section elementor-inner-section elementor-element elementor-element-7c7aa2c elementor-section-boxed elementor-section-height-default elementor-section-height-default\" data-id=\"7c7aa2c\" data-element_type=\"section\">\n\t\t\t\t\t\t<div class=\"elementor-container elementor-column-gap-default\">\n\t\t\t\t\t<div class=\"elementor-column elementor-col-50 elementor-inner-column elementor-element elementor-element-109c005\" data-id=\"109c005\" data-element_type=\"column\">\n\t\t\t<div class=\"elementor-widget-wrap elementor-element-populated\">\n\t\t\t\t\t\t<div class=\"elementor-element elementor-element-02eb69e elementor-widget elementor-widget-witr_section_t_widget\" data-id=\"02eb69e\" data-element_type=\"widget\" data-widget_type=\"witr_section_t_widget.default\">\n\t\t\t\t<div class=\"elementor-widget-container\">\n\t\t\t\t\t\t\t\t\t\t<!-- text widget center -->\n\t\t\t\t\t<div class=\"witr_text_widget\">\n\t\t\t\t\t\t<div class=\"witr_text_widget_inner\">\n\t\t\t\t\t\t\t<!-- text widget top -->\n\t\t\t\t\t\t\t\t\t\t\t\t\t\n\t\t\t\t\t\t\t<!-- text widget middle -->\n\t\t\t\t\t\t\t\t\t\t\t\t\t\t\t<h2>Illuminazione giardini e montaggio di cascate e laghetti.<\/h2>\t\t\n\t\t\t\t\t\t\t\t\t\t\t\t\t\t<!-- text widget bottom -->\n\t\t\t\t\t\t\t\t\t\t\t\t\t\n\t\t\t\t\t\t\t<!-- content -->\n\t\t\t\t\t\t\t\t\t\t\t\t\t\t\t<p><p><span style=\"color: #000000;\">Con la collaborazione di elettricisti qualificati, proponiamo Illuminazioni innovative e a basso consumo, per trasformare le aree esterne in veri e propri ambienti da vivere. <\/span><\/p><p><span style=\"color: #000000;\">Inoltre istalliamo cascate e laghetti con vari giochi d\u2019acqua, che regalano valore aggiunto agli spazi verdi.<\/span><\/p><p><img fetchpriority=\"high\" decoding=\"async\" class=\"alignnone size-medium wp-image-11928 aligncenter\" src=\"https:\/\/verdebrillante.it\/wp-content\/uploads\/2024\/04\/Illuminazione-241x300.png\" alt=\"\" width=\"241\" height=\"300\" srcset=\"https:\/\/verdebrillante.it\/wp-content\/uploads\/2024\/04\/Illuminazione-241x300.png 241w, https:\/\/verdebrillante.it\/wp-content\/uploads\/2024\/04\/Illuminazione.png 406w\" sizes=\"(max-width: 241px) 100vw, 241px\" \/><\/p><p><img decoding=\"async\" class=\"alignnone size-medium wp-image-11929 aligncenter\" src=\"https:\/\/verdebrillante.it\/wp-content\/uploads\/2024\/04\/420367112_960908192355982_5649983795326991088_n-184x300.jpg\" alt=\"\" width=\"184\" height=\"300\" srcset=\"https:\/\/verdebrillante.it\/wp-content\/uploads\/2024\/04\/420367112_960908192355982_5649983795326991088_n-184x300.jpg 184w, https:\/\/verdebrillante.it\/wp-content\/uploads\/2024\/04\/420367112_960908192355982_5649983795326991088_n-627x1024.jpg 627w, https:\/\/verdebrillante.it\/wp-content\/uploads\/2024\/04\/420367112_960908192355982_5649983795326991088_n-768x1254.jpg 768w, https:\/\/verdebrillante.it\/wp-content\/uploads\/2024\/04\/420367112_960908192355982_5649983795326991088_n-941x1536.jpg 941w, https:\/\/verdebrillante.it\/wp-content\/uploads\/2024\/04\/420367112_960908192355982_5649983795326991088_n-500x817.jpg 500w, https:\/\/verdebrillante.it\/wp-content\/uploads\/2024\/04\/420367112_960908192355982_5649983795326991088_n-800x1307.jpg 800w, https:\/\/verdebrillante.it\/wp-content\/uploads\/2024\/04\/420367112_960908192355982_5649983795326991088_n.jpg 1254w\" sizes=\"(max-width: 184px) 100vw, 184px\" \/><\/p><\/p>\t\t\n\t\t\t\t\t\t\t\t\t\t\t\t\t\t\n\t\t\t\t\t\t\t<!--- List content --->\n\t\t\t\t\t\t\t<div class=\"witr_widget_list\">\n\t\t\t\t\t\t\t\t<ul>\t\t\t\t\t\t\t\n\t\t\t\t\t\t\t\t\t\t\t\t\t\t\t\t\t<\/ul>\n\t\t\t\t\t\t\t\t\t\n\t\t\t\t\t\t\t<\/div>\t\t\t\t\t\t\t\n\t\t\t\t\t\t<\/div>\n\t\t\t\t\t<\/div>\n\n\t\t\t\t\t\t\t\t<\/div>\n\t\t\t\t<\/div>\n\t\t\t\t\t<\/div>\n\t\t<\/div>\n\t\t\t\t<div class=\"elementor-column elementor-col-50 elementor-inner-column elementor-element elementor-element-1f5b92e\" data-id=\"1f5b92e\" data-element_type=\"column\">\n\t\t\t<div class=\"elementor-widget-wrap elementor-element-populated\">\n\t\t\t\t\t\t<div class=\"elementor-element elementor-element-506b434 elementor-widget elementor-widget-witr_section_t_widget\" data-id=\"506b434\" data-element_type=\"widget\" data-widget_type=\"witr_section_t_widget.default\">\n\t\t\t\t<div class=\"elementor-widget-container\">\n\t\t\t\t\t\t\t\t\t\t<!-- text widget center -->\n\t\t\t\t\t<div class=\"witr_text_widget\">\n\t\t\t\t\t\t<div class=\"witr_text_widget_inner\">\n\t\t\t\t\t\t\t<!-- text widget top -->\n\t\t\t\t\t\t\t\t\t\t\t\t\t\n\t\t\t\t\t\t\t<!-- text widget middle -->\n\t\t\t\t\t\t\t\t\t\t\t\t\t\t\t<h2>Manutenzione<\/h2>\t\t\n\t\t\t\t\t\t\t\t\t\t\t\t\t\t<!-- text widget bottom -->\n\t\t\t\t\t\t\t\t\t\t\t\t\t\n\t\t\t\t\t\t\t<!-- content -->\n\t\t\t\t\t\t\t\t\t\t\t\t\t\t\t<p><p align=\"JUSTIFY\"><span style=\"color: #000000;\">Concordiamo con i clienti un calendario con la <\/span><span style=\"color: #000000;\"><b>cadenza degli interventi<\/b><\/span><span style=\"color: #000000;\"> di manutenzione che pu\u00f2 essere <\/span><span style=\"color: #000000;\"><b>settimanale<\/b><\/span><span style=\"color: #000000;\">, <\/span><span style=\"color: #000000;\"><b>mensile <\/b><\/span><span style=\"color: #000000;\">o <\/span><span style=\"color: #000000;\"><b>una tantum<\/b><\/span><span style=\"color: #000000;\">. <\/span><\/p><p><span style=\"color: #000000;\"><b>Manutenzione ordinaria<\/b><\/span><span style=\"color: #000000;\"><br \/>Si tratta di lavorazioni come la falciatura dell'erba, la pulizia, la sagomatura delle siepi.<br \/><\/span><span style=\"color: #000000;\"><b>Manutenzione straordinaria<\/b><\/span><span style=\"color: #000000;\"><br \/>Implica lavorazioni quali potature, abbattimenti, controllo malattie, trattamenti fitosanitari.<\/span><\/p><\/p>\t\t\n\t\t\t\t\t\t\t\t\t\t\t\t\t\t\n\t\t\t\t\t\t\t<!--- List content --->\n\t\t\t\t\t\t\t<div class=\"witr_widget_list\">\n\t\t\t\t\t\t\t\t<ul>\t\t\t\t\t\t\t\n\t\t\t\t\t\t\t\t\t\t\t\t\t\t\t\t\t<\/ul>\n\t\t\t\t\t\t\t\t\t\n\t\t\t\t\t\t\t<\/div>\t\t\t\t\t\t\t\n\t\t\t\t\t\t<\/div>\n\t\t\t\t\t<\/div>\n\n\t\t\t\t\t\t\t\t<\/div>\n\t\t\t\t<\/div>\n\t\t\t\t\t<\/div>\n\t\t<\/div>\n\t\t\t\t\t<\/div>\n\t\t<\/section>\n\t\t\t\t<div class=\"elementor-element elementor-element-db3e30b elementor-widget elementor-widget-image\" data-id=\"db3e30b\" data-element_type=\"widget\" data-widget_type=\"image.default\">\n\t\t\t\t<div class=\"elementor-widget-container\">\n\t\t\t\t\t\t\t\t\t\t\t\t\t\t\t<img decoding=\"async\" width=\"768\" height=\"1024\" src=\"https:\/\/verdebrillante.it\/wp-content\/uploads\/2024\/04\/Realizzaz_pubb.privato-768x1024.jpg\" class=\"attachment-large size-large wp-image-11924\" alt=\"\" srcset=\"https:\/\/verdebrillante.it\/wp-content\/uploads\/2024\/04\/Realizzaz_pubb.privato-768x1024.jpg 768w, https:\/\/verdebrillante.it\/wp-content\/uploads\/2024\/04\/Realizzaz_pubb.privato-225x300.jpg 225w, https:\/\/verdebrillante.it\/wp-content\/uploads\/2024\/04\/Realizzaz_pubb.privato-1152x1536.jpg 1152w, https:\/\/verdebrillante.it\/wp-content\/uploads\/2024\/04\/Realizzaz_pubb.privato-500x667.jpg 500w, https:\/\/verdebrillante.it\/wp-content\/uploads\/2024\/04\/Realizzaz_pubb.privato-800x1067.jpg 800w, https:\/\/verdebrillante.it\/wp-content\/uploads\/2024\/04\/Realizzaz_pubb.privato-1280x1707.jpg 1280w, https:\/\/verdebrillante.it\/wp-content\/uploads\/2024\/04\/Realizzaz_pubb.privato.jpg 1536w\" sizes=\"(max-width: 768px) 100vw, 768px\" \/>\t\t\t\t\t\t\t\t\t\t\t\t\t\t\t<\/div>\n\t\t\t\t<\/div>\n\t\t\t\t\t<\/div>\n\t\t<\/div>\n\t\t\t\t<div class=\"elementor-column elementor-col-50 elementor-top-column elementor-element elementor-element-245433d\" data-id=\"245433d\" data-element_type=\"column\">\n\t\t\t<div class=\"elementor-widget-wrap elementor-element-populated\">\n\t\t\t\t\t\t<div class=\"elementor-element elementor-element-01c25d6 poket-star-rating--align-center poket-star-rating--align-center elementor-widget elementor-widget-witr_section_list\" data-id=\"01c25d6\" data-element_type=\"widget\" data-widget_type=\"witr_section_list.default\">\n\t\t\t\t<div class=\"elementor-widget-container\">\n\t\t\t\t\t\t\t\n\t\t\t<div class=\"departmentList all_list_color\">\n\t\t\t\t<!-- title -->\n\t\t\t\t\t\t\t\t<h3>Guarda tutti i servizi <\/h3>\n\t\t\t\t\n\t\t\t\t\t<ul>\n\t\t\t\t\t\t\t\t\t\t\t\t\t\t\t\t\t\t<li>\n\t\t\t\t\t\t\t\t \n\t\t\t\t\t\t\t\t\t<a href=\"https:\/\/verdebrillante.it\/index.php\/progettazione-del-verde\/\">\n\t\t\t\t\t\t\t\t\t\t\t\t\t\t\t\t\t\t\t\t\t<i class=\"fas fa-angle-double-right\"><\/i>\n\t\t\t\t\t\t\t\t\t\tPROGETTAZIONE DEL VERDE<\/a>\n\t\t\t\t\t\t\t\t\t\t\t\t\t\t\t<li>\n\t\t\t\t\t\t\t\t \n\t\t\t\t\t\t\t\t\t<a href=\"https:\/\/verdebrillante.it\/index.php\/realizzazione-e-manutenzione-verde-pubblico-e-privato\/\">\n\t\t\t\t\t\t\t\t\t\t\t\t\t\t\t\t\t\t\t\t\t<i class=\"fas fa-angle-double-right\"><\/i>\n\t\t\t\t\t\t\t\t\t\tREALIZZAZIONE  E MANUTENZIONE VERDE PUBBLICO E PRIVATO<\/a>\n\t\t\t\t\t\t\t\t\t\t\t\t\t\t\t<li>\n\t\t\t\t\t\t\t\t \n\t\t\t\t\t\t\t\t\t<a href=\"https:\/\/verdebrillante.it\/index.php\/tappeti-erbosi-e-impianti-di-irrigazione\/\">\n\t\t\t\t\t\t\t\t\t\t\t\t\t\t\t\t\t\t\t\t\t<i class=\"fas fa-angle-double-right\"><\/i>\n\t\t\t\t\t\t\t\t\t\tTAPPETI ERBOSI EIMPIANTI DI IRRIGAZIONE<\/a>\n\t\t\t\t\t\t\t\t\t\t\t\t\t\t\t<li>\n\t\t\t\t\t\t\t\t \n\t\t\t\t\t\t\t\t\t<a href=\"https:\/\/verdebrillante.it\/index.php\/verde-pensile\/\">\n\t\t\t\t\t\t\t\t\t\t\t\t\t\t\t\t\t\t\t\t\t<i class=\"fas fa-angle-double-right\"><\/i>\n\t\t\t\t\t\t\t\t\t\tVERDE PENSILE<\/a>\n\t\t\t\t\t\t\t\t\t\t\t\t\t\t\t<li>\n\t\t\t\t\t\t\t\t \n\t\t\t\t\t\t\t\t\t<a href=\"https:\/\/verdebrillante.it\/index.php\/verde-verticale\/\">\n\t\t\t\t\t\t\t\t\t\t\t\t\t\t\t\t\t\t\t\t\t<i class=\"fas fa-angle-double-right\"><\/i>\n\t\t\t\t\t\t\t\t\t\tVERDE VERTICALE<\/a>\n\t\t\t\t\t\t\t\t\t\t\t\t\t\t\t<li>\n\t\t\t\t\t\t\t\t \n\t\t\t\t\t\t\t\t\t<a href=\"https:\/\/verdebrillante.it\/index.php\/idrosemina\/\">\n\t\t\t\t\t\t\t\t\t\t\t\t\t\t\t\t\t\t\t\t\t<i class=\"fas fa-angle-double-right\"><\/i>\n\t\t\t\t\t\t\t\t\t\tIDROSEMINA<\/a>\n\t\t\t\t\t\t\t\t\t\t\t\t\t\t\t<li>\n\t\t\t\t\t\t\t\t \n\t\t\t\t\t\t\t\t\t<a href=\"https:\/\/verdebrillante.it\/index.php\/recuperi-ambientali\/\">\n\t\t\t\t\t\t\t\t\t\t\t\t\t\t\t\t\t\t\t\t\t<i class=\"fas fa-angle-double-right\"><\/i>\n\t\t\t\t\t\t\t\t\t\tRECUPERI AMBIENTALI<\/a>\n\t\t\t\t\t\t\t\t\t\t\t\t\t\t\t<li>\n\t\t\t\t\t\t\t\t \n\t\t\t\t\t\t\t\t\t<a href=\"https:\/\/verdebrillante.it\/index.php\/allestimento-e-arredo-urbano\/\">\n\t\t\t\t\t\t\t\t\t\t\t\t\t\t\t\t\t\t\t\t\t<i class=\"fas fa-angle-double-right\"><\/i>\n\t\t\t\t\t\t\t\t\t\tALLESTIMENTO E ARREDO URBANO<\/a>\n\t\t\t\t\t\t\t\t\t\t\t\t\t\t\t<li>\n\t\t\t\t\t\t\t\t \n\t\t\t\t\t\t\t\t\t<a href=\"https:\/\/verdebrillante.it\/index.php\/area-tecnica\/\">\n\t\t\t\t\t\t\t\t\t\t\t\t\t\t\t\t\t\t\t\t\t<i class=\"fas fa-angle-double-right\"><\/i>\n\t\t\t\t\t\t\t\t\t\tAREA TECNICA<\/a>\n\t\t\t\t\t\t\t\t\t\t\t\t\t\t\t<li>\n\t\t\t\t\t\t\t\t \n\t\t\t\t\t\t\t\t\t<a href=\"https:\/\/verdebrillante.it\/index.php\/stone-hardscaping\/\">\n\t\t\t\t\t\t\t\t\t\t\t\t\t\t\t\t\t\t\t\t\t<i class=\"fas fa-angle-double-right\"><\/i>\n\t\t\t\t\t\t\t\t\t\tPOTATURE  E ABBATTIMENTO ALBERI <\/a>\n\t\t\t\t\t\t\t\t\t\t\t\t\t\n\t\t\t\t\t<\/ul>\t\t\t\t\t\n\t\t\t\t<!-- button -->\n\t\t\t\t\t\t\t\t\n\t\t\t<\/div>\t\t\n\n\t\t\t\t\t\t<\/div>\n\t\t\t\t<\/div>\n\t\t\t\t<div class=\"elementor-element elementor-element-7a4d82b poket-star-rating--align-center elementor-widget elementor-widget-witr_section_apartment\" data-id=\"7a4d82b\" data-element_type=\"widget\" data-widget_type=\"witr_section_apartment.default\">\n\t\t\t\t<div class=\"elementor-widget-container\">\n\t\t\t\t\t\n\t\t\t\t\t<div class=\"apartment_area\">\t\t\t\t\n\t\t\t\t\t\t<div class=\"apartment_text\">\t\t\n\t\t\t\t\t\t\t<!-- title -->\n\t\t\t\t\t\t\t\t\t\n\t\t\t\t\t\t\t<!-- content -->\n\t\t\t\t\t\t\t\t\t\t\t\t\t\t\t<h2>Contatti <\/h2>\t\t\n\t\t\t\t\t\t\t\t\t\t\t\t\t\t\n\t\t\t\t\t\t<\/div>\t\t\n\t\t\t\t\t\t<div class=\"witr_apartment_form\">\t\t\t\t\t\n\t\t\t\t\t\t\n<div class=\"wpcf7 no-js\" id=\"wpcf7-f11535-o1\" lang=\"en-US\" dir=\"ltr\" data-wpcf7-id=\"11535\">\n<div class=\"screen-reader-response\"><p role=\"status\" aria-live=\"polite\" aria-atomic=\"true\"><\/p> <ul><\/ul><\/div>\n<form action=\"\/index.php\/wp-json\/wp\/v2\/pages\/11918#wpcf7-f11535-o1\" method=\"post\" class=\"wpcf7-form init\" aria-label=\"Contact form\" novalidate=\"novalidate\" data-status=\"init\">\n<fieldset class=\"hidden-fields-container\"><input type=\"hidden\" name=\"_wpcf7\" value=\"11535\" \/><input type=\"hidden\" name=\"_wpcf7_version\" value=\"6.1.5\" \/><input type=\"hidden\" name=\"_wpcf7_locale\" value=\"en_US\" \/><input type=\"hidden\" name=\"_wpcf7_unit_tag\" value=\"wpcf7-f11535-o1\" \/><input type=\"hidden\" name=\"_wpcf7_container_post\" value=\"0\" \/><input type=\"hidden\" name=\"_wpcf7_posted_data_hash\" value=\"\" \/>\n<\/fieldset>\n<div class=\"row\">\n\t<div class=\"col-lg-12\">\n\t\t<div class=\"twr_form_box\">\n\t\t\t<p><span class=\"wpcf7-form-control-wrap\" data-name=\"text-30\"><input size=\"40\" maxlength=\"400\" class=\"wpcf7-form-control wpcf7-text wpcf7-validates-as-required form-control\" aria-required=\"true\" aria-invalid=\"false\" placeholder=\"Nome*\" value=\"\" type=\"text\" name=\"text-30\" \/><\/span>\n\t\t\t<\/p>\n\t\t<\/div>\n\t<\/div>\n\t<div class=\"col-lg-12\">\n\t\t<div class=\"twr_form_box\">\n\t\t\t<p><span class=\"wpcf7-form-control-wrap\" data-name=\"number-19\"><input class=\"wpcf7-form-control wpcf7-number wpcf7-validates-as-required wpcf7-validates-as-number form-control\" aria-required=\"true\" aria-invalid=\"false\" placeholder=\"Telefono*\" value=\"\" type=\"number\" name=\"number-19\" \/><\/span>\n\t\t\t<\/p>\n\t\t<\/div>\n\t<\/div>\n\t<div class=\"col-lg-12\">\n\t\t<div class=\"twr_form_box\">\n\t\t\t<p><span class=\"wpcf7-form-control-wrap\" data-name=\"email-380\"><input size=\"40\" maxlength=\"400\" class=\"wpcf7-form-control wpcf7-email wpcf7-validates-as-required wpcf7-text wpcf7-validates-as-email form-control\" aria-required=\"true\" aria-invalid=\"false\" placeholder=\"Email*\" value=\"\" type=\"email\" name=\"email-380\" \/><\/span>\n\t\t\t<\/p>\n\t\t<\/div>\n\t<\/div>\n\t<div class=\"col-lg-12 col-md-12\">\n\t\t<div class=\"twr_form_box \">\n\t\t\t<p><span class=\"wpcf7-form-control-wrap\" data-name=\"textarea\"><textarea cols=\"40\" rows=\"6\" maxlength=\"2000\" class=\"wpcf7-form-control wpcf7-textarea wpcf7-validates-as-required form-control\" aria-required=\"true\" aria-invalid=\"false\" placeholder=\"Messaggio*\" name=\"textarea\"><\/textarea><\/span>\n\t\t\t<\/p>\n\t\t<\/div>\n\t\t<p><button type=\"submit\" class=\"btn btn-primary\">Invia Messaggio<\/button>\n\t\t<\/p>\n\t<\/div>\n<\/div><p style=\"display: none !important;\" class=\"akismet-fields-container\" data-prefix=\"_wpcf7_ak_\"><label>&#916;<textarea name=\"_wpcf7_ak_hp_textarea\" cols=\"45\" rows=\"8\" maxlength=\"100\"><\/textarea><\/label><input type=\"hidden\" id=\"ak_js_1\" name=\"_wpcf7_ak_js\" value=\"108\"\/><script>document.getElementById( \"ak_js_1\" ).setAttribute( \"value\", ( new Date() ).getTime() );<\/script><\/p><div class=\"wpcf7-response-output\" aria-hidden=\"true\"><\/div>\n<\/form>\n<\/div>\n\t\t\t\t\t\t\t\t\n\t\t\t\t\t\t<\/div>\n\t\t\t\t\t<\/div>\t\t\t\t\t\n\t\t\n\t\t\t\t\t\t<\/div>\n\t\t\t\t<\/div>\n\t\t\t\t\t<\/div>\n\t\t<\/div>\n\t\t\t\t\t<\/div>\n\t\t<\/section>\n\t\t\t\t<\/div>\n\t\t","protected":false},"excerpt":{"rendered":"<p>Realizzazione e Manutenzione Verde Pubblico e Privato Grazie alla formazione continua nel settore siamo in grado di realizzare : giardini in stile classico, in cui predomina l&#8217;uniformit\u00e0 delle linee diritte e il non colore. L&#8217;uomo domina la natura, l&#8217;acqua \u00e8 costretta dentro fontane e canali rettilinei, con giochi prospettici di alberi piantati in modo simmetrico, [&hellip;]<\/p>\n","protected":false},"author":1,"featured_media":0,"parent":0,"menu_order":0,"comment_status":"closed","ping_status":"closed","template":"","meta":{"_vp_format_video_url":"","_vp_image_focal_point":[],"footnotes":""},"class_list":["post-11918","page","type-page","status-publish","hentry"],"_links":{"self":[{"href":"https:\/\/verdebrillante.it\/index.php\/wp-json\/wp\/v2\/pages\/11918","targetHints":{"allow":["GET"]}}],"collection":[{"href":"https:\/\/verdebrillante.it\/index.php\/wp-json\/wp\/v2\/pages"}],"about":[{"href":"https:\/\/verdebrillante.it\/index.php\/wp-json\/wp\/v2\/types\/page"}],"author":[{"embeddable":true,"href":"https:\/\/verdebrillante.it\/index.php\/wp-json\/wp\/v2\/users\/1"}],"replies":[{"embeddable":true,"href":"https:\/\/verdebrillante.it\/index.php\/wp-json\/wp\/v2\/comments?post=11918"}],"version-history":[{"count":49,"href":"https:\/\/verdebrillante.it\/index.php\/wp-json\/wp\/v2\/pages\/11918\/revisions"}],"predecessor-version":[{"id":12546,"href":"https:\/\/verdebrillante.it\/index.php\/wp-json\/wp\/v2\/pages\/11918\/revisions\/12546"}],"wp:attachment":[{"href":"https:\/\/verdebrillante.it\/index.php\/wp-json\/wp\/v2\/media?parent=11918"}],"curies":[{"name":"wp","href":"https:\/\/api.w.org\/{rel}","templated":true}]}}