{"id":11554,"date":"2021-12-07T10:26:25","date_gmt":"2021-12-07T10:26:25","guid":{"rendered":"http:\/\/localhost\/garden\/?page_id=11554"},"modified":"2024-06-16T17:04:56","modified_gmt":"2024-06-16T17:04:56","slug":"stone-hardscaping","status":"publish","type":"page","link":"https:\/\/verdebrillante.it\/index.php\/stone-hardscaping\/","title":{"rendered":"Potature e Abbattimento Alberi"},"content":{"rendered":"\t\t<div data-elementor-type=\"wp-page\" data-elementor-id=\"11554\" class=\"elementor elementor-11554\">\n\t\t\t\t<div class=\"elementor-element elementor-element-2406af9 e-flex e-con-boxed e-con e-parent\" data-id=\"2406af9\" data-element_type=\"container\">\n\t\t\t\t\t<div class=\"e-con-inner\">\n\t\t\t\t<div class=\"elementor-element elementor-element-25c455b elementor-widget elementor-widget-heading\" data-id=\"25c455b\" data-element_type=\"widget\" data-widget_type=\"heading.default\">\n\t\t\t\t<div class=\"elementor-widget-container\">\n\t\t\t\t\t<h1 class=\"elementor-heading-title elementor-size-default\">Potature e Abbattimento Alberi<\/h1>\t\t\t\t<\/div>\n\t\t\t\t<\/div>\n\t\t\t\t\t<\/div>\n\t\t\t\t<\/div>\n\t\t\t\t<section class=\"elementor-section elementor-top-section elementor-element elementor-element-fb4c5a8 elementor-section-boxed elementor-section-height-default elementor-section-height-default\" data-id=\"fb4c5a8\" data-element_type=\"section\">\n\t\t\t\t\t\t<div class=\"elementor-container elementor-column-gap-default\">\n\t\t\t\t\t<div class=\"elementor-column elementor-col-50 elementor-top-column elementor-element elementor-element-cfdc0e7\" data-id=\"cfdc0e7\" data-element_type=\"column\">\n\t\t\t<div class=\"elementor-widget-wrap elementor-element-populated\">\n\t\t\t\t\t\t<section class=\"elementor-section elementor-inner-section elementor-element elementor-element-0005cc3 elementor-section-boxed elementor-section-height-default elementor-section-height-default\" data-id=\"0005cc3\" data-element_type=\"section\">\n\t\t\t\t\t\t<div class=\"elementor-container elementor-column-gap-default\">\n\t\t\t\t\t<div class=\"elementor-column elementor-col-100 elementor-inner-column elementor-element elementor-element-4c21d11\" data-id=\"4c21d11\" data-element_type=\"column\">\n\t\t\t<div class=\"elementor-widget-wrap\">\n\t\t\t\t\t\t\t<\/div>\n\t\t<\/div>\n\t\t\t\t\t<\/div>\n\t\t<\/section>\n\t\t\t\t<div class=\"elementor-element elementor-element-bd645fe elementor-widget elementor-widget-witr_section_t_widget\" data-id=\"bd645fe\" data-element_type=\"widget\" data-widget_type=\"witr_section_t_widget.default\">\n\t\t\t\t<div class=\"elementor-widget-container\">\n\t\t\t\t\t\t\t\t\t\t<!-- text widget center -->\n\t\t\t\t\t<div class=\"witr_text_widget\">\n\t\t\t\t\t\t<div class=\"witr_text_widget_inner\">\n\t\t\t\t\t\t\t<!-- text widget top -->\n\t\t\t\t\t\t\t\t\t\t\t\t\t\n\t\t\t\t\t\t\t<!-- text widget middle -->\n\t\t\t\t\t\t\t\t\t\t\t\t\t\t<!-- text widget bottom -->\n\t\t\t\t\t\t\t\t\t\t\t\t\t\n\t\t\t\t\t\t\t<!-- content -->\n\t\t\t\t\t\t\t\t\t\t\t\t\t\t\t<p><div class=\"elementor-element elementor-element-88b1300 elementor-widget elementor-widget-heading\" data-id=\"88b1300\" data-element_type=\"widget\" data-widget_type=\"heading.default\"><div class=\"elementor-widget-container\"><p><span style=\"font-size: medium;\">Per abbattimento si intende l'eliminazione di esemplari deperenti o deperiti, oggetto di fitopatie e\/o patologie irreversibili oppure radicati in siti non idonei al loro sviluppo come a ridosso di fabbricati civili, linee elettriche, ecc. o ancora che denotano gravi segni di instabilit\u00e0.<\/span><\/p><p><span style=\"font-size: medium;\">L\u2019abbattimento dell\u2019esemplare potr\u00e0 essere effettuato solo in seguito al rilascio dell\u2019<\/span><span style=\"font-size: medium;\"><b>autorizzazione<\/b><\/span><span style=\"font-size: medium;\"> da parte dell\u2019amministrazione competente.<\/span><\/p><p><span style=\"font-size: medium;\">La Nostra azienda ha nel suo organico la presenza di un Dottore Forestale che si occupa del rilascio di tale autorizzazione con stesura di opportuna perizia di stabilit\u00e0 dell\u2019esemplare in oggetto.<\/span><\/p><\/div><\/div><\/p>\t\t\n\t\t\t\t\t\t\t\t\t\t\t\t\t\t\n\t\t\t\t\t\t\t<!--- List content --->\n\t\t\t\t\t\t\t<div class=\"witr_widget_list\">\n\t\t\t\t\t\t\t\t<ul>\t\t\t\t\t\t\t\n\t\t\t\t\t\t\t\t\t\t\t\t\t\t\t\t\t<\/ul>\n\t\t\t\t\t\t\t\t\t\n\t\t\t\t\t\t\t<\/div>\t\t\t\t\t\t\t\n\t\t\t\t\t\t<\/div>\n\t\t\t\t\t<\/div>\n\n\t\t\t\t\t\t\t\t<\/div>\n\t\t\t\t<\/div>\n\t\t\t\t<section class=\"elementor-section elementor-inner-section elementor-element elementor-element-7c7aa2c elementor-section-boxed elementor-section-height-default elementor-section-height-default\" data-id=\"7c7aa2c\" data-element_type=\"section\">\n\t\t\t\t\t\t<div class=\"elementor-container elementor-column-gap-default\">\n\t\t\t\t\t<div class=\"elementor-column elementor-col-33 elementor-inner-column elementor-element elementor-element-109c005\" data-id=\"109c005\" data-element_type=\"column\">\n\t\t\t<div class=\"elementor-widget-wrap elementor-element-populated\">\n\t\t\t\t\t\t<div class=\"elementor-element elementor-element-02eb69e elementor-widget elementor-widget-witr_section_t_widget\" data-id=\"02eb69e\" data-element_type=\"widget\" data-widget_type=\"witr_section_t_widget.default\">\n\t\t\t\t<div class=\"elementor-widget-container\">\n\t\t\t\t\t\t\t\t\t\t<!-- text widget center -->\n\t\t\t\t\t<div class=\"witr_text_widget\">\n\t\t\t\t\t\t<div class=\"witr_text_widget_inner\">\n\t\t\t\t\t\t\t<!-- text widget top -->\n\t\t\t\t\t\t\t\t\t\t\t\t\t\n\t\t\t\t\t\t\t<!-- text widget middle -->\n\t\t\t\t\t\t\t\t\t\t\t\t\t\t\t<h2>TREE- CLIMBING<\/h2>\t\t\n\t\t\t\t\t\t\t\t\t\t\t\t\t\t<!-- text widget bottom -->\n\t\t\t\t\t\t\t\t\t\t\t\t\t\n\t\t\t\t\t\t\t<!-- content -->\n\t\t\t\t\t\t\t\t\t\t\t\t\t\t\t<p><p>Il tree-climbing \u00e8 una particolare <b>tecnica di risalita degli alberi<\/b> tramite l'utilizzo di <b>corde<\/b> che permette di effettuare potature e abbattimenti di alberi ad alto fusto in <b>posizioni difficili<\/b> , irraggiungibili da mezzi meccanici e dove la caduta di rami potrebbe causare danni ai fabbricati vicini. Ci avvaliamo di personale formato nelle migliori scuole italiane.<\/p><p>Il lavoro in tree-climbing \u00e8 ecocompatibile, silenzioso, reca il minimo ingombro nelle vostre propriet\u00e0 e nei condomini, non arreca danni al prato.<\/p><\/p>\t\t\n\t\t\t\t\t\t\t\t\t\t\t\t\t\t\n\t\t\t\t\t\t\t<!--- List content --->\n\t\t\t\t\t\t\t<div class=\"witr_widget_list\">\n\t\t\t\t\t\t\t\t<ul>\t\t\t\t\t\t\t\n\t\t\t\t\t\t\t\t\t\t\t\t\t\t\t\t\t<\/ul>\n\t\t\t\t\t\t\t\t\t\n\t\t\t\t\t\t\t<\/div>\t\t\t\t\t\t\t\n\t\t\t\t\t\t<\/div>\n\t\t\t\t\t<\/div>\n\n\t\t\t\t\t\t\t\t<\/div>\n\t\t\t\t<\/div>\n\t\t\t\t\t<\/div>\n\t\t<\/div>\n\t\t\t\t<div class=\"elementor-column elementor-col-33 elementor-inner-column elementor-element elementor-element-d01b7f7\" data-id=\"d01b7f7\" data-element_type=\"column\">\n\t\t\t<div class=\"elementor-widget-wrap\">\n\t\t\t\t\t\t\t<\/div>\n\t\t<\/div>\n\t\t\t\t<div class=\"elementor-column elementor-col-33 elementor-inner-column elementor-element elementor-element-1f5b92e\" data-id=\"1f5b92e\" data-element_type=\"column\">\n\t\t\t<div class=\"elementor-widget-wrap elementor-element-populated\">\n\t\t\t\t\t\t<div class=\"elementor-element elementor-element-506b434 elementor-widget elementor-widget-witr_section_t_widget\" data-id=\"506b434\" data-element_type=\"widget\" data-widget_type=\"witr_section_t_widget.default\">\n\t\t\t\t<div class=\"elementor-widget-container\">\n\t\t\t\t\t\t\t\t\t\t<!-- text widget center -->\n\t\t\t\t\t<div class=\"witr_text_widget\">\n\t\t\t\t\t\t<div class=\"witr_text_widget_inner\">\n\t\t\t\t\t\t\t<!-- text widget top -->\n\t\t\t\t\t\t\t\t\t\t\t\t\t\n\t\t\t\t\t\t\t<!-- text widget middle -->\n\t\t\t\t\t\t\t\t\t\t\t\t\t\t\t<h2>POTATURE.<\/h2>\t\t\n\t\t\t\t\t\t\t\t\t\t\t\t\t\t<!-- text widget bottom -->\n\t\t\t\t\t\t\t\t\t\t\t\t\t\n\t\t\t\t\t\t\t<!-- content -->\n\t\t\t\t\t\t\t\t\t\t\t\t\t\t\t<p><p align=\"JUSTIFY\">Ogni albero si sviluppa in funzione alle condizione del terreno , del luogo dove si trova secondo schemi geneticamente predefiniti. Questo \u00e8 un <b>fattore fondamentale ai fini della potatura<\/b> che, se eseguita correttamente e rispettando i giusti intervalli di tempo, permette all'albero di svilupparsi in maniera sana ed armoniosa.<\/p><p align=\"JUSTIFY\">Nel nostro paese pare per\u00f2 che chi pi\u00f9 pota sia il pi\u00f9 bravo, quando una minima conoscenza della <b>tecnica di potatura<\/b> dovrebbe portare a fare l'esatto contrario!<\/p><p align=\"JUSTIFY\">Una cattiva potatura deturpa irreparabilmente la forma naturale della pianta, genera instabilit\u00e0 dei rami e squilibri nutrizionali, provoca penetrazione di funghi patogeni .<\/p><p>Il nostro consiglio \u00e8 quindi quello di <b>diffidare dalla potatura selvaggia<\/b> pericolosa per l'uomo e per la pianta, e di agire nel rispetto delle esigenze dell'albero che si vuole potare.<\/p><\/p>\t\t\n\t\t\t\t\t\t\t\t\t\t\t\t\t\t\n\t\t\t\t\t\t\t<!--- List content --->\n\t\t\t\t\t\t\t<div class=\"witr_widget_list\">\n\t\t\t\t\t\t\t\t<ul>\t\t\t\t\t\t\t\n\t\t\t\t\t\t\t\t\t\t\t\t\t\t\t\t\t<\/ul>\n\t\t\t\t\t\t\t\t\t\n\t\t\t\t\t\t\t<\/div>\t\t\t\t\t\t\t\n\t\t\t\t\t\t<\/div>\n\t\t\t\t\t<\/div>\n\n\t\t\t\t\t\t\t\t<\/div>\n\t\t\t\t<\/div>\n\t\t\t\t\t<\/div>\n\t\t<\/div>\n\t\t\t\t\t<\/div>\n\t\t<\/section>\n\t\t\t\t<div class=\"elementor-element elementor-element-db3e30b elementor-widget elementor-widget-image\" data-id=\"db3e30b\" data-element_type=\"widget\" data-widget_type=\"image.default\">\n\t\t\t\t<div class=\"elementor-widget-container\">\n\t\t\t\t\t\t\t\t\t\t\t\t\t\t\t<img fetchpriority=\"high\" decoding=\"async\" width=\"960\" height=\"960\" src=\"https:\/\/verdebrillante.it\/wp-content\/uploads\/2024\/04\/Potatura-e-abbattimento.jpg\" class=\"attachment-large size-large wp-image-11884\" alt=\"\" srcset=\"https:\/\/verdebrillante.it\/wp-content\/uploads\/2024\/04\/Potatura-e-abbattimento.jpg 960w, https:\/\/verdebrillante.it\/wp-content\/uploads\/2024\/04\/Potatura-e-abbattimento-300x300.jpg 300w, https:\/\/verdebrillante.it\/wp-content\/uploads\/2024\/04\/Potatura-e-abbattimento-150x150.jpg 150w, https:\/\/verdebrillante.it\/wp-content\/uploads\/2024\/04\/Potatura-e-abbattimento-768x768.jpg 768w, https:\/\/verdebrillante.it\/wp-content\/uploads\/2024\/04\/Potatura-e-abbattimento-500x500.jpg 500w, https:\/\/verdebrillante.it\/wp-content\/uploads\/2024\/04\/Potatura-e-abbattimento-800x800.jpg 800w, https:\/\/verdebrillante.it\/wp-content\/uploads\/2024\/04\/Potatura-e-abbattimento-450x450.jpg 450w, https:\/\/verdebrillante.it\/wp-content\/uploads\/2024\/04\/Potatura-e-abbattimento-106x106.jpg 106w, https:\/\/verdebrillante.it\/wp-content\/uploads\/2024\/04\/Potatura-e-abbattimento-560x560.jpg 560w, https:\/\/verdebrillante.it\/wp-content\/uploads\/2024\/04\/Potatura-e-abbattimento-70x70.jpg 70w\" sizes=\"(max-width: 960px) 100vw, 960px\" \/>\t\t\t\t\t\t\t\t\t\t\t\t\t\t\t<\/div>\n\t\t\t\t<\/div>\n\t\t\t\t\t<\/div>\n\t\t<\/div>\n\t\t\t\t<div class=\"elementor-column elementor-col-50 elementor-top-column elementor-element elementor-element-245433d\" data-id=\"245433d\" data-element_type=\"column\">\n\t\t\t<div class=\"elementor-widget-wrap elementor-element-populated\">\n\t\t\t\t\t\t<div class=\"elementor-element elementor-element-01c25d6 poket-star-rating--align-center poket-star-rating--align-center elementor-widget elementor-widget-witr_section_list\" data-id=\"01c25d6\" data-element_type=\"widget\" data-widget_type=\"witr_section_list.default\">\n\t\t\t\t<div class=\"elementor-widget-container\">\n\t\t\t\t\t\t\t\n\t\t\t<div class=\"departmentList all_list_color\">\n\t\t\t\t<!-- title -->\n\t\t\t\t\t\t\t\t<h3>Guarda tutti i servizi <\/h3>\n\t\t\t\t\n\t\t\t\t\t<ul>\n\t\t\t\t\t\t\t\t\t\t\t\t\t\t\t\t\t\t<li>\n\t\t\t\t\t\t\t\t \n\t\t\t\t\t\t\t\t\t<a href=\"https:\/\/verdebrillante.it\/index.php\/progettazione-del-verde\/\">\n\t\t\t\t\t\t\t\t\t\t\t\t\t\t\t\t\t\t\t\t\t<i class=\"fas fa-angle-double-right\"><\/i>\n\t\t\t\t\t\t\t\t\t\tPROGETTAZIONE DEL VERDE<\/a>\n\t\t\t\t\t\t\t\t\t\t\t\t\t\t\t<li>\n\t\t\t\t\t\t\t\t \n\t\t\t\t\t\t\t\t\t<a href=\"https:\/\/verdebrillante.it\/index.php\/realizzazione-e-manutenzione-verde-pubblico-e-privato\/\">\n\t\t\t\t\t\t\t\t\t\t\t\t\t\t\t\t\t\t\t\t\t<i class=\"fas fa-angle-double-right\"><\/i>\n\t\t\t\t\t\t\t\t\t\tREALIZZAZIONE  E MANUTENZIONE VERDE PUBBLICO E PRIVATO<\/a>\n\t\t\t\t\t\t\t\t\t\t\t\t\t\t\t<li>\n\t\t\t\t\t\t\t\t \n\t\t\t\t\t\t\t\t\t<a href=\"https:\/\/verdebrillante.it\/index.php\/tappeti-erbosi-e-impianti-di-irrigazione\/\">\n\t\t\t\t\t\t\t\t\t\t\t\t\t\t\t\t\t\t\t\t\t<i class=\"fas fa-angle-double-right\"><\/i>\n\t\t\t\t\t\t\t\t\t\tTAPPETI ERBOSI EIMPIANTI DI IRRIGAZIONE<\/a>\n\t\t\t\t\t\t\t\t\t\t\t\t\t\t\t<li>\n\t\t\t\t\t\t\t\t \n\t\t\t\t\t\t\t\t\t<a href=\"https:\/\/verdebrillante.it\/index.php\/verde-pensile\/\">\n\t\t\t\t\t\t\t\t\t\t\t\t\t\t\t\t\t\t\t\t\t<i class=\"fas fa-angle-double-right\"><\/i>\n\t\t\t\t\t\t\t\t\t\tVERDE PENSILE<\/a>\n\t\t\t\t\t\t\t\t\t\t\t\t\t\t\t<li>\n\t\t\t\t\t\t\t\t \n\t\t\t\t\t\t\t\t\t<a href=\"https:\/\/verdebrillante.it\/index.php\/verde-verticale\/\">\n\t\t\t\t\t\t\t\t\t\t\t\t\t\t\t\t\t\t\t\t\t<i class=\"fas fa-angle-double-right\"><\/i>\n\t\t\t\t\t\t\t\t\t\tVERDE VERTICALE<\/a>\n\t\t\t\t\t\t\t\t\t\t\t\t\t\t\t<li>\n\t\t\t\t\t\t\t\t \n\t\t\t\t\t\t\t\t\t<a href=\"https:\/\/verdebrillante.it\/index.php\/idrosemina\/\">\n\t\t\t\t\t\t\t\t\t\t\t\t\t\t\t\t\t\t\t\t\t<i class=\"fas fa-angle-double-right\"><\/i>\n\t\t\t\t\t\t\t\t\t\tIDROSEMINA<\/a>\n\t\t\t\t\t\t\t\t\t\t\t\t\t\t\t<li>\n\t\t\t\t\t\t\t\t \n\t\t\t\t\t\t\t\t\t<a href=\"https:\/\/verdebrillante.it\/index.php\/recuperi-ambientali\/\">\n\t\t\t\t\t\t\t\t\t\t\t\t\t\t\t\t\t\t\t\t\t<i class=\"fas fa-angle-double-right\"><\/i>\n\t\t\t\t\t\t\t\t\t\tRECUPERI AMBIENTALI<\/a>\n\t\t\t\t\t\t\t\t\t\t\t\t\t\t\t<li>\n\t\t\t\t\t\t\t\t \n\t\t\t\t\t\t\t\t\t<a href=\"https:\/\/verdebrillante.it\/index.php\/allestimento-e-arredo-urbano\/\">\n\t\t\t\t\t\t\t\t\t\t\t\t\t\t\t\t\t\t\t\t\t<i class=\"fas fa-angle-double-right\"><\/i>\n\t\t\t\t\t\t\t\t\t\tALLESTIMENTO E ARREDO URBANO<\/a>\n\t\t\t\t\t\t\t\t\t\t\t\t\t\t\t<li>\n\t\t\t\t\t\t\t\t \n\t\t\t\t\t\t\t\t\t<a href=\"https:\/\/verdebrillante.it\/index.php\/area-tecnica\/\">\n\t\t\t\t\t\t\t\t\t\t\t\t\t\t\t\t\t\t\t\t\t<i class=\"fas fa-angle-double-right\"><\/i>\n\t\t\t\t\t\t\t\t\t\tAREA TECNICA<\/a>\n\t\t\t\t\t\t\t\t\t\t\t\t\t\t\t<li>\n\t\t\t\t\t\t\t\t \n\t\t\t\t\t\t\t\t\t<a href=\"https:\/\/verdebrillante.it\/index.php\/stone-hardscaping\/\">\n\t\t\t\t\t\t\t\t\t\t\t\t\t\t\t\t\t\t\t\t\t<i class=\"fas fa-angle-double-right\"><\/i>\n\t\t\t\t\t\t\t\t\t\tPOTATURE  E ABBATTIMENTO ALBERI <\/a>\n\t\t\t\t\t\t\t\t\t\t\t\t\t\n\t\t\t\t\t<\/ul>\t\t\t\t\t\n\t\t\t\t<!-- button -->\n\t\t\t\t\t\t\t\t\n\t\t\t<\/div>\t\t\n\n\t\t\t\t\t\t<\/div>\n\t\t\t\t<\/div>\n\t\t\t\t<div class=\"elementor-element elementor-element-0dad208 poket-star-rating--align-center elementor-widget elementor-widget-witr_section_apartment\" data-id=\"0dad208\" data-element_type=\"widget\" data-widget_type=\"witr_section_apartment.default\">\n\t\t\t\t<div class=\"elementor-widget-container\">\n\t\t\t\t\t\n\t\t\t\t\t<div class=\"apartment_area\">\t\t\t\t\n\t\t\t\t\t\t<div class=\"apartment_text\">\t\t\n\t\t\t\t\t\t\t<!-- title -->\n\t\t\t\t\t\t\t\t\t\n\t\t\t\t\t\t\t<!-- content -->\n\t\t\t\t\t\t\t\t\t\t\t\t\t\t\t<h2>Contatti <\/h2>\t\t\n\t\t\t\t\t\t\t\t\t\t\t\t\t\t\n\t\t\t\t\t\t<\/div>\t\t\n\t\t\t\t\t\t<div class=\"witr_apartment_form\">\t\t\t\t\t\n\t\t\t\t\t\t\n<div class=\"wpcf7 no-js\" id=\"wpcf7-f11535-o1\" lang=\"en-US\" dir=\"ltr\" data-wpcf7-id=\"11535\">\n<div class=\"screen-reader-response\"><p role=\"status\" aria-live=\"polite\" aria-atomic=\"true\"><\/p> <ul><\/ul><\/div>\n<form action=\"\/index.php\/wp-json\/wp\/v2\/pages\/11554#wpcf7-f11535-o1\" method=\"post\" class=\"wpcf7-form init\" aria-label=\"Contact form\" novalidate=\"novalidate\" data-status=\"init\">\n<fieldset class=\"hidden-fields-container\"><input type=\"hidden\" name=\"_wpcf7\" value=\"11535\" \/><input type=\"hidden\" name=\"_wpcf7_version\" value=\"6.1.5\" \/><input type=\"hidden\" name=\"_wpcf7_locale\" value=\"en_US\" \/><input type=\"hidden\" name=\"_wpcf7_unit_tag\" value=\"wpcf7-f11535-o1\" \/><input type=\"hidden\" name=\"_wpcf7_container_post\" value=\"0\" \/><input type=\"hidden\" name=\"_wpcf7_posted_data_hash\" value=\"\" \/>\n<\/fieldset>\n<div class=\"row\">\n\t<div class=\"col-lg-12\">\n\t\t<div class=\"twr_form_box\">\n\t\t\t<p><span class=\"wpcf7-form-control-wrap\" data-name=\"text-30\"><input size=\"40\" maxlength=\"400\" class=\"wpcf7-form-control wpcf7-text wpcf7-validates-as-required form-control\" aria-required=\"true\" aria-invalid=\"false\" placeholder=\"Nome*\" value=\"\" type=\"text\" name=\"text-30\" \/><\/span>\n\t\t\t<\/p>\n\t\t<\/div>\n\t<\/div>\n\t<div class=\"col-lg-12\">\n\t\t<div class=\"twr_form_box\">\n\t\t\t<p><span class=\"wpcf7-form-control-wrap\" data-name=\"number-19\"><input class=\"wpcf7-form-control wpcf7-number wpcf7-validates-as-required wpcf7-validates-as-number form-control\" aria-required=\"true\" aria-invalid=\"false\" placeholder=\"Telefono*\" value=\"\" type=\"number\" name=\"number-19\" \/><\/span>\n\t\t\t<\/p>\n\t\t<\/div>\n\t<\/div>\n\t<div class=\"col-lg-12\">\n\t\t<div class=\"twr_form_box\">\n\t\t\t<p><span class=\"wpcf7-form-control-wrap\" data-name=\"email-380\"><input size=\"40\" maxlength=\"400\" class=\"wpcf7-form-control wpcf7-email wpcf7-validates-as-required wpcf7-text wpcf7-validates-as-email form-control\" aria-required=\"true\" aria-invalid=\"false\" placeholder=\"Email*\" value=\"\" type=\"email\" name=\"email-380\" \/><\/span>\n\t\t\t<\/p>\n\t\t<\/div>\n\t<\/div>\n\t<div class=\"col-lg-12 col-md-12\">\n\t\t<div class=\"twr_form_box \">\n\t\t\t<p><span class=\"wpcf7-form-control-wrap\" data-name=\"textarea\"><textarea cols=\"40\" rows=\"6\" maxlength=\"2000\" class=\"wpcf7-form-control wpcf7-textarea wpcf7-validates-as-required form-control\" aria-required=\"true\" aria-invalid=\"false\" placeholder=\"Messaggio*\" name=\"textarea\"><\/textarea><\/span>\n\t\t\t<\/p>\n\t\t<\/div>\n\t\t<p><button type=\"submit\" class=\"btn btn-primary\">Invia Messaggio<\/button>\n\t\t<\/p>\n\t<\/div>\n<\/div><p style=\"display: none !important;\" class=\"akismet-fields-container\" data-prefix=\"_wpcf7_ak_\"><label>&#916;<textarea name=\"_wpcf7_ak_hp_textarea\" cols=\"45\" rows=\"8\" maxlength=\"100\"><\/textarea><\/label><input type=\"hidden\" id=\"ak_js_1\" name=\"_wpcf7_ak_js\" value=\"194\"\/><script>document.getElementById( \"ak_js_1\" ).setAttribute( \"value\", ( new Date() ).getTime() );<\/script><\/p><div class=\"wpcf7-response-output\" aria-hidden=\"true\"><\/div>\n<\/form>\n<\/div>\n\t\t\t\t\t\t\t\t\n\t\t\t\t\t\t<\/div>\n\t\t\t\t\t<\/div>\t\t\t\t\t\n\t\t\n\t\t\t\t\t\t<\/div>\n\t\t\t\t<\/div>\n\t\t\t\t\t<\/div>\n\t\t<\/div>\n\t\t\t\t\t<\/div>\n\t\t<\/section>\n\t\t\t\t<\/div>\n\t\t","protected":false},"excerpt":{"rendered":"<p>Potature e Abbattimento Alberi Per abbattimento si intende l&#8217;eliminazione di esemplari deperenti o deperiti, oggetto di fitopatie e\/o patologie irreversibili oppure radicati in siti non idonei al loro sviluppo come a ridosso di fabbricati civili, linee elettriche, ecc. o ancora che denotano gravi segni di instabilit\u00e0. L\u2019abbattimento dell\u2019esemplare potr\u00e0 essere effettuato solo in seguito al [&hellip;]<\/p>\n","protected":false},"author":1,"featured_media":0,"parent":0,"menu_order":0,"comment_status":"closed","ping_status":"closed","template":"","meta":{"_vp_format_video_url":"","_vp_image_focal_point":[],"footnotes":""},"class_list":["post-11554","page","type-page","status-publish","hentry"],"_links":{"self":[{"href":"https:\/\/verdebrillante.it\/index.php\/wp-json\/wp\/v2\/pages\/11554","targetHints":{"allow":["GET"]}}],"collection":[{"href":"https:\/\/verdebrillante.it\/index.php\/wp-json\/wp\/v2\/pages"}],"about":[{"href":"https:\/\/verdebrillante.it\/index.php\/wp-json\/wp\/v2\/types\/page"}],"author":[{"embeddable":true,"href":"https:\/\/verdebrillante.it\/index.php\/wp-json\/wp\/v2\/users\/1"}],"replies":[{"embeddable":true,"href":"https:\/\/verdebrillante.it\/index.php\/wp-json\/wp\/v2\/comments?post=11554"}],"version-history":[{"count":73,"href":"https:\/\/verdebrillante.it\/index.php\/wp-json\/wp\/v2\/pages\/11554\/revisions"}],"predecessor-version":[{"id":12682,"href":"https:\/\/verdebrillante.it\/index.php\/wp-json\/wp\/v2\/pages\/11554\/revisions\/12682"}],"wp:attachment":[{"href":"https:\/\/verdebrillante.it\/index.php\/wp-json\/wp\/v2\/media?parent=11554"}],"curies":[{"name":"wp","href":"https:\/\/api.w.org\/{rel}","templated":true}]}}